{"id":102,"date":"2017-01-03T21:30:31","date_gmt":"2017-01-03T20:30:31","guid":{"rendered":"https:\/\/schual.at\/?page_id=102"},"modified":"2025-10-27T18:07:34","modified_gmt":"2025-10-27T17:07:34","slug":"begegnungs-therapieraum","status":"publish","type":"page","link":"https:\/\/schual.at\/index.php\/begegnungs-therapieraum\/","title":{"rendered":"Begegnungs-\/Therapieraum"},"content":{"rendered":"<h2><strong>Appartement \u201e<\/strong><strong>\u0161<\/strong><strong>ual\u201c<\/strong><\/h2>\n<h3><strong>Therapie- und Begegnungsraum<\/strong><\/h3>\n<h4><strong>Vermietung (ca. 45 m\u00b2)<\/strong><\/h4>\n<p><strong>\u00a0<img loading=\"lazy\" decoding=\"async\" class=\"wp-image-60 aligncenter\" src=\"https:\/\/schual.at\/wp-content\/uploads\/2017\/01\/IMG_0332.jpg\" alt=\"\" width=\"384\" height=\"256\" \/><\/strong><\/p>\n<p>Das ehemalige Klassenzimmer im Obergescho\u00df der Volksschule Gradenegg wurde im Jahr 2016 in einen gro\u00dfz\u00fcgigen Therapieraum mit Eichenboden umgestaltet.<\/p>\n<p>Die Schultafel h\u00e4ngt noch an ihrem alten Platz und auch der ehrw\u00fcrdige Kachelofen wurde erhalten, der wesentlich zur gem\u00fctlichen Atmosph\u00e4re beitr\u00e4gt. Liebevolle Details aus der Zeit des Schulbetriebs unterstreichen den Charme des kleinen Appartements ohne Fernseher.<\/p>\n<p>Im Raum befindet sich eine gut ausger\u00fcstete Kaffee-\/Teek\u00fcche mit Geschirrsp\u00fcler, Kochplatten (ohne Backrohr), Mikrowelle, kleinem K\u00fchlschrank und ein neues Bad mit Waschmaschine, Dusche\/WC, F\u00f6hn. \u00a0Richtung S\u00fcden gibt es einen ger\u00e4umigen L\u00e4rchenholzbalkon mit Panoramablick \u00fcber das Glantal hin zu den Karawanken.<\/p>\n<p>M\u00f6glichkeit f\u00fcr Begegnungen und zum genug Platz zum Relaxen bietet das bequeme Sofa, auf dem bei Bedarf auch 1 \u2013 2 Personen gut n\u00e4chtigen k\u00f6nnen.<\/p>\n<p><img loading=\"lazy\" decoding=\"async\" class=\"wp-image-57 aligncenter\" src=\"https:\/\/schual.at\/wp-content\/uploads\/2017\/01\/IMG_0327.jpg\" alt=\"\" width=\"338\" height=\"225\" \/><\/p>\n<p>\u20ac 75,\u2013 pro Nacht f\u00fcr 1-2 Personen<\/p>\n<p>\u20ac 50,\u2013\u00a0 Endreinigung<\/p>\n<p>\u20ac 4,50 Ortstaxe pro Person und Nacht (ab 16 Jahre)<\/p>\n<p>Benutzung als Therapie- oder Begegnungsraum: bis 3 Stunden: \u20ac 20,-\/1 Tag 50,-<\/p>\n<p><img loading=\"lazy\" decoding=\"async\" class=\"wp-image-54 aligncenter\" src=\"https:\/\/schual.at\/wp-content\/uploads\/2017\/01\/IMG_0156.jpg\" alt=\"\" width=\"311\" height=\"207\" \/><\/p>\n<p>F\u00fcr Ihr Wohlbefinden steht Ihnen auch die im Raum befindliche Infrarot-Sauna zur Verf\u00fcgung. Vor allem in der kalten Jahreszeit wirkt sich die Tiefenw\u00e4rme positiv auf den K\u00f6rper und die Gesundheit aus.<\/p>\n<p>Bitte haben Sie Verst\u00e4ndnis daf\u00fcr, dass Haustiere nur im Au\u00dfenbereich gestattet sind und Rauchen im Haus nicht erw\u00fcnscht ist.<\/p>\n<p>Das Grundst\u00fcck umfasst den ehemaligen Sportplatz, einen Hang mit alten Streuobstb\u00e4umen und einer artenreichen Blumenwiese, die seit Jahren 2 x j\u00e4hrlich bestes Futter f\u00fcr die Ziegen des Nachbars bietet.<\/p>\n<p><img loading=\"lazy\" decoding=\"async\" class=\"ji94ytn4 r9f5tntg d2edcug0 r0294ipz aligncenter\" src=\"https:\/\/scontent-vie1-1.xx.fbcdn.net\/v\/t1.6435-9\/142143904_1504766079720814_2050137785373610199_n.jpg?_nc_cat=100&amp;ccb=1-3&amp;_nc_sid=730e14&amp;_nc_ohc=wSfkMalQYEwAX80Tete&amp;_nc_ht=scontent-vie1-1.xx&amp;oh=04c947151c1d7f19331fabbcfa4b158e&amp;oe=60AF491E\" alt=\"Ist m\u00f6glicherweise ein Bild von Essen\" width=\"372\" height=\"248\" data-visualcompletion=\"media-vc-image\" \/><\/p>\n","protected":false},"excerpt":{"rendered":"<p>Appartement \u201e\u0161ual\u201c Therapie- und Begegnungsraum Vermietung (ca. 45 m\u00b2) \u00a0 Das ehemalige Klassenzimmer im Obergescho\u00df der Volksschule Gradenegg wurde im Jahr 2016 in einen gro\u00dfz\u00fcgigen Therapieraum mit Eichenboden umgestaltet. Die Schultafel h\u00e4ngt noch an ihrem alten Platz und auch der ehrw\u00fcrdige Kachelofen wurde erhalten, der wesentlich zur gem\u00fctlichen Atmosph\u00e4re beitr\u00e4gt. Liebevolle Details aus der Zeit [&hellip;]<\/p>\n","protected":false},"author":1,"featured_media":0,"parent":0,"menu_order":0,"comment_status":"closed","ping_status":"closed","template":"","meta":{"footnotes":""},"class_list":["post-102","page","type-page","status-publish","hentry"],"_links":{"self":[{"href":"https:\/\/schual.at\/index.php\/wp-json\/wp\/v2\/pages\/102","targetHints":{"allow":["GET"]}}],"collection":[{"href":"https:\/\/schual.at\/index.php\/wp-json\/wp\/v2\/pages"}],"about":[{"href":"https:\/\/schual.at\/index.php\/wp-json\/wp\/v2\/types\/page"}],"author":[{"embeddable":true,"href":"https:\/\/schual.at\/index.php\/wp-json\/wp\/v2\/users\/1"}],"replies":[{"embeddable":true,"href":"https:\/\/schual.at\/index.php\/wp-json\/wp\/v2\/comments?post=102"}],"version-history":[{"count":10,"href":"https:\/\/schual.at\/index.php\/wp-json\/wp\/v2\/pages\/102\/revisions"}],"predecessor-version":[{"id":758,"href":"https:\/\/schual.at\/index.php\/wp-json\/wp\/v2\/pages\/102\/revisions\/758"}],"wp:attachment":[{"href":"https:\/\/schual.at\/index.php\/wp-json\/wp\/v2\/media?parent=102"}],"curies":[{"name":"wp","href":"https:\/\/api.w.org\/{rel}","templated":true}]}}