{"id":118,"date":"2017-01-04T20:15:36","date_gmt":"2017-01-04T19:15:36","guid":{"rendered":"https:\/\/schual.at\/?page_id=118"},"modified":"2025-10-27T18:12:43","modified_gmt":"2025-10-27T17:12:43","slug":"urlaub-in-der-alten-volksschule","status":"publish","type":"page","link":"https:\/\/schual.at\/index.php\/urlaub-in-der-alten-volksschule\/","title":{"rendered":"Urlaub in der alten Volksschule"},"content":{"rendered":"<h2 style=\"text-align: left;\"><strong>Erleben Sie einen besonderen Urlaub in Gradenegg auf 900 m Seeh\u00f6he<\/strong><\/h2>\n<p style=\"text-align: center;\"><strong>\u00a0<\/strong><\/p>\n<ul>\n<li>\n<h4>Appartement &#8222;Glantolbodn&#8220;\u00a0 im OG &#8211; ca. 58 m\u00b2<\/h4>\n<\/li>\n<li>\n<h4>Appartement \u201e\u0161ual\u201c\/Therapie- und Begegnungsraum im OG &#8211; ca. 45 m\u00b2<\/h4>\n<\/li>\n<\/ul>\n<p><img loading=\"lazy\" decoding=\"async\" class=\"wp-image-80 aligncenter\" src=\"https:\/\/schual.at\/wp-content\/uploads\/2017\/01\/IMG_0871.jpg\" width=\"530\" height=\"353\" \/><\/p>\n<h2 style=\"text-align: center;\">\u00a0<\/h2>\n<p style=\"text-align: left; padding-left: 30px;\">Gradenegg liegt in der Marktgemeinde Liebenfels im Bezirk St. Veit\/Glan in K\u00e4rnten, dem s\u00fcdlichsten Bundesland \u00d6sterreichs. Nach S\u00fcden erstreckt sich der atemberaubende Blick \u00fcber das ganze Glantal hin zu den Karawanken und den Julischen Alpen im Westen. Der gro\u00dfz\u00fcgige S\u00fcdbalkon l\u00e4dt dazu ein, die Seele baumeln zu lassen. Die malerischen Sonnenauf- und unterg\u00e4nge k\u00f6nnten dem Bilderbuch entstammen und bei Inversionswetterlage im Sp\u00e4therbst und im Winter, ragt Gradenegg \u00fcber dem im Tal liegenden Nebelmeer empor.<\/p>\n<p style=\"padding-left: 30px;\">Im Norden \u00fcber der alten Schule thront die Burgruine Gradenegg, deren Mauerreste von jahrhundertealter Geschichte erz\u00e4hlen. \u00dcber dem Dorfkern mit der Pfarrkirche St. Nikolaus in Gradenegg und den beiden famili\u00e4r gef\u00fchrten Landgasth\u00e4usern gelegen, ist hier ein Ort zu finden, der Ruhe ausstrahlt. Und in der liebevoll renovierten alten Dorfschule ist noch immer der lebendige Geist von \u00fcber hundert Jahre Bildung zu sp\u00fcren.<\/p>\n<p style=\"padding-left: 30px;\">Das allen slawischen Sprachen gemeinsame altkirchenslawische Wort grad, urslawisch rekonstruiert etwa *gord?, bedeutet \u201aBurg, Stadt\u2018. Es bezeichnet urspr\u00fcnglich allgemein eine eingefriedete Fl\u00e4che.<\/p>\n<p>Die Wurzel des Wortes ist \u00e4lter und stammt aus der indoeurop\u00e4ischen Ursprache. So besteht eine Verwandtschaft mit deutsch Garten und lateinisch hortus (urspr. \u201aeingefriedete Fl\u00e4che\u2018). Die Diminutivform ist gradec [&#8218;grad?ts], im Sinne \u201abefestigter Ansitz, Ort, kleine Burg\u2018. Dieses Wort ist im slawisch-germanischen \u00dcbergangsraum in Formen wie deutsch Gratz verbreitet. Auch die Wiener Bezeichnung Gr\u00e4tzl (\u201aQuartier, Stadtviertel\u2018) leitet sich davon ab, vergl. die analoge Bildung jiddisch Schtetl \u201a[j\u00fcdischer] Wohnplatz\/Siedlung\/Kolonie\u2018). (Quelle: Wikipedia)<\/p>\n<h2 style=\"text-align: center;\">\u00a0<\/h2>\n<h2 style=\"text-align: center; padding-left: 30px;\"><strong><img loading=\"lazy\" decoding=\"async\" class=\"wp-image-52 aligncenter\" src=\"https:\/\/schual.at\/wp-content\/uploads\/2017\/01\/IMG_0083.jpg\" alt=\"\" width=\"421\" height=\"281\" \/><\/strong><\/h2>\n<ul>\n<li>\n<h3>Appartement &#8222;Glantolbodn&#8220; im OG (s\u00fcdwest-seitig gelegen)<\/h3>\n<\/li>\n<\/ul>\n<p style=\"padding-left: 30px;\">\u20ac 78,&#8211; pro Nacht f\u00fcr 2 Personen<\/p>\n<p style=\"padding-left: 30px;\">2 Zusatzbetten m\u00f6glich (+ \u20ac 15,&#8211; pro Nacht\/Bett)<\/p>\n<p style=\"padding-left: 30px;\">\u20ac 55&#8211; Endreinigung<\/p>\n<p>\u00a0 \u00a0 \u00a0 \u20ac 4,50&#8211; Ortstaxe pro Person und Nacht (ab 16 Jahre)<\/p>\n<p><img loading=\"lazy\" decoding=\"async\" class=\"alignnone size-medium wp-image-642\" src=\"https:\/\/schual.at\/wp-content\/uploads\/IMG_0365-300x200.jpg\" alt=\"\" width=\"300\" height=\"200\" srcset=\"https:\/\/schual.at\/wp-content\/uploads\/IMG_0365-300x200.jpg 300w, https:\/\/schual.at\/wp-content\/uploads\/IMG_0365-768x512.jpg 768w, https:\/\/schual.at\/wp-content\/uploads\/IMG_0365-1024x682.jpg 1024w, https:\/\/schual.at\/wp-content\/uploads\/IMG_0365.jpg 2000w\" sizes=\"auto, (max-width: 300px) 100vw, 300px\" \/> <img loading=\"lazy\" decoding=\"async\" class=\"alignnone size-medium wp-image-643\" src=\"https:\/\/schual.at\/wp-content\/uploads\/IMG_0370-1-300x200.jpg\" alt=\"\" width=\"300\" height=\"200\" srcset=\"https:\/\/schual.at\/wp-content\/uploads\/IMG_0370-1-300x200.jpg 300w, https:\/\/schual.at\/wp-content\/uploads\/IMG_0370-1-768x512.jpg 768w, https:\/\/schual.at\/wp-content\/uploads\/IMG_0370-1-1024x682.jpg 1024w, https:\/\/schual.at\/wp-content\/uploads\/IMG_0370-1.jpg 2000w\" sizes=\"auto, (max-width: 300px) 100vw, 300px\" \/> <img loading=\"lazy\" decoding=\"async\" class=\"alignnone size-medium wp-image-644\" src=\"https:\/\/schual.at\/wp-content\/uploads\/IMG_0372-1-300x200.jpg\" alt=\"\" width=\"300\" height=\"200\" srcset=\"https:\/\/schual.at\/wp-content\/uploads\/IMG_0372-1-300x200.jpg 300w, https:\/\/schual.at\/wp-content\/uploads\/IMG_0372-1-768x512.jpg 768w, https:\/\/schual.at\/wp-content\/uploads\/IMG_0372-1-1024x682.jpg 1024w, https:\/\/schual.at\/wp-content\/uploads\/IMG_0372-1.jpg 2000w\" sizes=\"auto, (max-width: 300px) 100vw, 300px\" \/> <img loading=\"lazy\" decoding=\"async\" class=\"alignnone size-medium wp-image-645\" src=\"https:\/\/schual.at\/wp-content\/uploads\/IMG_0386-300x200.jpg\" alt=\"\" width=\"300\" height=\"200\" srcset=\"https:\/\/schual.at\/wp-content\/uploads\/IMG_0386-300x200.jpg 300w, https:\/\/schual.at\/wp-content\/uploads\/IMG_0386-768x512.jpg 768w, https:\/\/schual.at\/wp-content\/uploads\/IMG_0386-1024x682.jpg 1024w, https:\/\/schual.at\/wp-content\/uploads\/IMG_0386.jpg 2000w\" sizes=\"auto, (max-width: 300px) 100vw, 300px\" \/> <img loading=\"lazy\" decoding=\"async\" class=\"alignnone size-medium wp-image-646\" src=\"https:\/\/schual.at\/wp-content\/uploads\/IMG_0390-300x200.jpg\" alt=\"\" width=\"300\" height=\"200\" srcset=\"https:\/\/schual.at\/wp-content\/uploads\/IMG_0390-300x200.jpg 300w, https:\/\/schual.at\/wp-content\/uploads\/IMG_0390-768x512.jpg 768w, https:\/\/schual.at\/wp-content\/uploads\/IMG_0390-1024x682.jpg 1024w, https:\/\/schual.at\/wp-content\/uploads\/IMG_0390.jpg 2000w\" sizes=\"auto, (max-width: 300px) 100vw, 300px\" \/> <img loading=\"lazy\" decoding=\"async\" class=\"alignnone size-medium wp-image-551\" src=\"https:\/\/schual.at\/wp-content\/uploads\/IMG_2582-300x200.jpg\" alt=\"\" width=\"300\" height=\"200\" srcset=\"https:\/\/schual.at\/wp-content\/uploads\/IMG_2582-300x200.jpg 300w, https:\/\/schual.at\/wp-content\/uploads\/IMG_2582-768x512.jpg 768w, https:\/\/schual.at\/wp-content\/uploads\/IMG_2582-1024x682.jpg 1024w, https:\/\/schual.at\/wp-content\/uploads\/IMG_2582.jpg 2000w\" sizes=\"auto, (max-width: 300px) 100vw, 300px\" \/><img loading=\"lazy\" decoding=\"async\" class=\"alignnone size-medium wp-image-647\" src=\"https:\/\/schual.at\/wp-content\/uploads\/IMG_0393-300x200.jpg\" alt=\"\" width=\"300\" height=\"200\" srcset=\"https:\/\/schual.at\/wp-content\/uploads\/IMG_0393-300x200.jpg 300w, https:\/\/schual.at\/wp-content\/uploads\/IMG_0393-768x512.jpg 768w, https:\/\/schual.at\/wp-content\/uploads\/IMG_0393-1024x682.jpg 1024w, https:\/\/schual.at\/wp-content\/uploads\/IMG_0393.jpg 2000w\" sizes=\"auto, (max-width: 300px) 100vw, 300px\" \/><\/p>\n<p style=\"padding-left: 30px;\">Ausstattung: Wohnk\u00fcche,\u00a0 Schlafzimmer, gro\u00dfz\u00fcgiger L\u00e4rchenholzbalkon mit wunderbaren Blick \u00fcber das Glantal hin zu den Karawanken und Juliaschen Alpen, voll ausgestattete K\u00fcche mit Geschirrsp\u00fcler, Kaffeemaschine, Wasserkocher, Toaster, Bad mit Badewanne\/WC, F\u00f6hn, B\u00fcgelbrett, B\u00fcgeleisen, Speisekammer, Vorraum. Bettw\u00e4sche und Handt\u00fccher vorhanden, Fernseher und WLAN. M\u00f6glichkeit f\u00fcr Raclette und Fondue. Grillm\u00f6glichkeit und Feuerstelle vorhanden sowie ein gro\u00dfz\u00fcgiger Gr\u00fcnbereich mit Spielwiese und Sitzm\u00f6glichkeiten.<\/p>\n<p><img loading=\"lazy\" decoding=\"async\" class=\"alignnone size-medium wp-image-650 aligncenter\" src=\"https:\/\/schual.at\/wp-content\/uploads\/IMG_0373-300x200.jpg\" alt=\"\" width=\"300\" height=\"200\" srcset=\"https:\/\/schual.at\/wp-content\/uploads\/IMG_0373-300x200.jpg 300w, https:\/\/schual.at\/wp-content\/uploads\/IMG_0373-768x512.jpg 768w, https:\/\/schual.at\/wp-content\/uploads\/IMG_0373-1024x682.jpg 1024w, https:\/\/schual.at\/wp-content\/uploads\/IMG_0373.jpg 2000w\" sizes=\"auto, (max-width: 300px) 100vw, 300px\" \/><\/p>\n<p style=\"text-align: center;\">&#8212;&#8212;&#8212;&#8212;&#8212;&#8212;&#8212;&#8212;&#8212;&#8212;&#8212;&#8212;&#8212;&#8212;&#8212;&#8212;&#8211;<\/p>\n<ul>\n<li>\n<h3>Appartement \u201e\u0161ual\u201c \/Therapie- und Begegnungsraum (s\u00fcdost-seitig gelegen)<\/h3>\n<h3>\u00a0<\/h3>\n<p><img loading=\"lazy\" decoding=\"async\" class=\"wp-image-59 alignright\" src=\"https:\/\/schual.at\/wp-content\/uploads\/2017\/01\/IMG_0330.jpg\" alt=\"\" width=\"329\" height=\"219\" \/><\/p>\n<\/li>\n<\/ul>\n<p>\u20ac 75,&#8211; pro Nacht f\u00fcr 1 &#8211; 2 Personen<\/p>\n<p>\u20ac 55,&#8211;\u00a0 Endreinigung<\/p>\n<p>Benutzung als Therapie- oder Begegnungsraum: bis 3 Stunden: \u20ac 20,&#8211;\/1 Tag 50,&#8211; bzw. nach Absprache<\/p>\n<p>Ortstaxe pro Person und Tag: \u20ac 5,50<\/p>\n<p><img loading=\"lazy\" decoding=\"async\" class=\"alignnone size-medium wp-image-521\" src=\"https:\/\/schual.at\/wp-content\/uploads\/IMG_2672-1-1-300x200.jpg\" alt=\"\" width=\"300\" height=\"200\" srcset=\"https:\/\/schual.at\/wp-content\/uploads\/IMG_2672-1-1-300x200.jpg 300w, https:\/\/schual.at\/wp-content\/uploads\/IMG_2672-1-1-768x512.jpg 768w, https:\/\/schual.at\/wp-content\/uploads\/IMG_2672-1-1-1024x682.jpg 1024w, https:\/\/schual.at\/wp-content\/uploads\/IMG_2672-1-1.jpg 2000w\" sizes=\"auto, (max-width: 300px) 100vw, 300px\" \/> <img loading=\"lazy\" decoding=\"async\" class=\"alignnone size-medium wp-image-522\" src=\"https:\/\/schual.at\/wp-content\/uploads\/IMG_2673-1-300x200.jpg\" alt=\"\" width=\"300\" height=\"200\" srcset=\"https:\/\/schual.at\/wp-content\/uploads\/IMG_2673-1-300x200.jpg 300w, https:\/\/schual.at\/wp-content\/uploads\/IMG_2673-1-768x512.jpg 768w, https:\/\/schual.at\/wp-content\/uploads\/IMG_2673-1-1024x682.jpg 1024w, https:\/\/schual.at\/wp-content\/uploads\/IMG_2673-1.jpg 2000w\" sizes=\"auto, (max-width: 300px) 100vw, 300px\" \/> <img loading=\"lazy\" decoding=\"async\" class=\"alignnone size-medium wp-image-524\" src=\"https:\/\/schual.at\/wp-content\/uploads\/IMG_2675-1-300x200.jpg\" alt=\"\" width=\"300\" height=\"200\" srcset=\"https:\/\/schual.at\/wp-content\/uploads\/IMG_2675-1-300x200.jpg 300w, https:\/\/schual.at\/wp-content\/uploads\/IMG_2675-1-768x512.jpg 768w, https:\/\/schual.at\/wp-content\/uploads\/IMG_2675-1-1024x682.jpg 1024w, https:\/\/schual.at\/wp-content\/uploads\/IMG_2675-1.jpg 2000w\" sizes=\"auto, (max-width: 300px) 100vw, 300px\" \/><img loading=\"lazy\" decoding=\"async\" class=\"alignnone size-medium wp-image-520\" src=\"https:\/\/schual.at\/wp-content\/uploads\/IMG_2655-1-300x200.jpg\" alt=\"\" width=\"300\" height=\"200\" srcset=\"https:\/\/schual.at\/wp-content\/uploads\/IMG_2655-1-300x200.jpg 300w, https:\/\/schual.at\/wp-content\/uploads\/IMG_2655-1-768x512.jpg 768w, https:\/\/schual.at\/wp-content\/uploads\/IMG_2655-1-1024x682.jpg 1024w, https:\/\/schual.at\/wp-content\/uploads\/IMG_2655-1.jpg 2000w\" sizes=\"auto, (max-width: 300px) 100vw, 300px\" \/><\/p>\n<p>Ausstattung: gro\u00dfer Raum mit Kachelofen und Eichenholzboden, gro\u00dfz\u00fcgige L\u00e4rchenholzbalkon mit wunderbaren Blick \u00fcber das Glantal hin zu den Karawanken, gut ausgestattete Teek\u00fcche mit Kochplatten (kein Backrohr), Mikrowelle, kleinem K\u00fchlschrank und Geschirrsp\u00fcler,\u00a0 Toaster, Wasserkocher, Kaffeemaschine, Bad mit Dusche\/WC\/Waschmaschine, F\u00f6hn, N\u00e4chtigung am ausziehbaren Sofa und\/oder im Einzelbett, \u00fcberwiegend Vollholzm\u00f6bel, WLAN. Kein Fernseher! Bettw\u00e4sche und Handt\u00fccher vorhanden. Infrarot-Sauna im Raum. Grillm\u00f6glichkeit und Feuerstelle vorhanden sowie ein gro\u00dfz\u00fcgiger Gr\u00fcnbereich mit Spielwiese und Sitzm\u00f6glichkeiten.<img loading=\"lazy\" decoding=\"async\" class=\"wp-image-79 aligncenter\" src=\"https:\/\/schual.at\/wp-content\/uploads\/2017\/01\/IMG_0866.jpg\" alt=\"\" width=\"467\" height=\"311\" \/><\/p>\n<p>F\u00fcr Ihr Wohlbefinden steht Ihnen nach Anmeldung und Verf\u00fcgbarkeit unsere Infrarot-Sauna zur Verf\u00fcgung. Die Tiefenw\u00e4rme wirkt sich positiv auf den K\u00f6rper und die Gesundheit aus. Die Benutzungsgeb\u00fchr betr\u00e4gt \u20ac 7,&#8211;.<\/p>\n<p><img loading=\"lazy\" decoding=\"async\" class=\"ji94ytn4 r9f5tntg d2edcug0 r0294ipz aligncenter\" src=\"https:\/\/scontent-vie1-1.xx.fbcdn.net\/v\/t1.6435-9\/142143904_1504766079720814_2050137785373610199_n.jpg?_nc_cat=100&amp;ccb=1-3&amp;_nc_sid=730e14&amp;_nc_ohc=wSfkMalQYEwAX80Tete&amp;_nc_ht=scontent-vie1-1.xx&amp;oh=04c947151c1d7f19331fabbcfa4b158e&amp;oe=60AF491E\" alt=\"Ist m\u00f6glicherweise ein Bild von Essen\" width=\"372\" height=\"248\" data-visualcompletion=\"media-vc-image\" \/><\/p>\n<p><img loading=\"lazy\" decoding=\"async\" class=\"wp-image-328 alignright\" src=\"https:\/\/schual.at\/wp-content\/uploads\/IMG_0025-e1484074537104-200x300.jpg\" alt=\"\" width=\"106\" height=\"159\" srcset=\"https:\/\/schual.at\/wp-content\/uploads\/IMG_0025-e1484074537104-200x300.jpg 200w, https:\/\/schual.at\/wp-content\/uploads\/IMG_0025-e1484074537104-768x1152.jpg 768w, https:\/\/schual.at\/wp-content\/uploads\/IMG_0025-e1484074537104-682x1024.jpg 682w, https:\/\/schual.at\/wp-content\/uploads\/IMG_0025-e1484074537104.jpg 1333w\" sizes=\"auto, (max-width: 106px) 100vw, 106px\" \/><\/p>\n<p>Bitte haben Sie Verst\u00e4ndnis daf\u00fcr, dass Haustiere nur im Au\u00dfenbereich gestattet sind und Rauchen im Haus nicht erw\u00fcnscht ist. \u00a0 \u00a0 \u00a0 \u00a0 \u00a0 \u00a0 \u00a0 \u00a0 \u00a0 \u00a0 \u00a0 \u00a0 \u00a0 \u00a0 \u00a0 \u00a0 \u00a0 \u00a0 \u00a0 \u00a0 \u00a0 \u00a0 \u00a0 \u00a0 \u00a0 \u00a0 \u00a0 \u00a0 \u00a0 \u00a0 \u00a0 \u00a0 \u00a0 \u00a0 \u00a0 Ortstaxe pro Person (ab 16 Jahre) und Tag: \u20ac 5,50<\/p>\n<p data-wp-editing=\"1\">Wir verwenden f\u00fcr unsere W\u00e4sche aus Gr\u00fcnden der Nachhaltigkeit keinen Trockner\/B\u00fcgeleisen und nutzen die Kraft von Wind und Sonne! Die Waschmaschine darf gegen eine kleine Geb\u00fchr gerne benutzt werden. B\u00fcgeleisen und B\u00fcgelbrett sind im Appartement &#8222;Glantolbodn&#8220; vorhanden.<\/p>\n<p>Die wichtigsten K\u00fcchenkr\u00e4ute und etwas Obst und Gem\u00fcse kann je nach Saison und Verf\u00fcgbarkeit gratis geerntet werden &#8211; die Natur beschenkt uns alle!<\/p>\n<p>Im Winter stehen 4 Paar Schneeschuhe zur Verf\u00fcgung, die gegen eine kleine Geb\u00fchr ausgeliehen werden k\u00f6nnen und dann geht es gleich direkt vor der Haust\u00fcre los im hoffentlich perfekten Pulverschnee.<\/p>\n<p>Das Grundst\u00fcck umfasst den ehemaligen Sportplatz mit viel Spielm\u00f6glichkeiten, ein kleines Biotop f\u00fcr Fr\u00f6sche, einen Hang mit alten Streuobstb\u00e4umen und einer artenreichen Blumenwiese, die seit Jahren 2 x j\u00e4hrlich bestes Futter f\u00fcr des Nachbars Ziegen bietet. Heimat haben hier auch 2 zahme L\u00f6wenkopfkaninchen gefunden, die hier artgerecht ihre G\u00e4nge graben d\u00fcrfen.<\/p>\n<p><img loading=\"lazy\" decoding=\"async\" class=\" wp-image-237 aligncenter\" src=\"https:\/\/schual.at\/wp-content\/uploads\/burg-panorama1-300x62.jpg\" alt=\"\" width=\"377\" height=\"78\" srcset=\"https:\/\/schual.at\/wp-content\/uploads\/burg-panorama1-300x62.jpg 300w, https:\/\/schual.at\/wp-content\/uploads\/burg-panorama1-768x157.jpg 768w, https:\/\/schual.at\/wp-content\/uploads\/burg-panorama1-1024x210.jpg 1024w, https:\/\/schual.at\/wp-content\/uploads\/burg-panorama1.jpg 1600w\" sizes=\"auto, (max-width: 377px) 100vw, 377px\" \/><\/p>\n<p>Manchmal kommt es anders als man denkt und der gebuchte Urlaub muss storniert oder vorzeitig abgebrochen werden. Dann kommen zur Entt\u00e4uschung noch die Stornokosten hinzu &#8211; diese unn\u00f6tigen Kosten und den damit verbundenen \u00c4rger m\u00f6chten wir Ihnen ersparen und wir empfehlen eine Stornoversicherung.<\/p>\n<p>Es gelten die \u00d6sterreichischen Hotelvertragsbedingungen AGBH 2006. Preise gelten ab 2026!<\/p>\n<p><img loading=\"lazy\" decoding=\"async\" class=\"alignnone  wp-image-705\" src=\"https:\/\/schual.at\/wp-content\/uploads\/booking-bewertung-2020-300x300.png\" alt=\"\" width=\"176\" height=\"176\" srcset=\"https:\/\/schual.at\/wp-content\/uploads\/booking-bewertung-2020-300x300.png 300w, https:\/\/schual.at\/wp-content\/uploads\/booking-bewertung-2020-1024x1024.png 1024w, https:\/\/schual.at\/wp-content\/uploads\/booking-bewertung-2020-150x150.png 150w, https:\/\/schual.at\/wp-content\/uploads\/booking-bewertung-2020-768x768.png 768w, https:\/\/schual.at\/wp-content\/uploads\/booking-bewertung-2020.png 1080w\" sizes=\"auto, (max-width: 176px) 100vw, 176px\" \/>\u00a0 <img loading=\"lazy\" decoding=\"async\" class=\"alignnone  wp-image-739\" src=\"https:\/\/schual.at\/wp-content\/uploads\/booking-bewertung-2022-300x300.png\" alt=\"\" width=\"178\" height=\"178\" srcset=\"https:\/\/schual.at\/wp-content\/uploads\/booking-bewertung-2022-300x300.png 300w, https:\/\/schual.at\/wp-content\/uploads\/booking-bewertung-2022-1024x1024.png 1024w, https:\/\/schual.at\/wp-content\/uploads\/booking-bewertung-2022-150x150.png 150w, https:\/\/schual.at\/wp-content\/uploads\/booking-bewertung-2022-768x768.png 768w, https:\/\/schual.at\/wp-content\/uploads\/booking-bewertung-2022.png 1081w\" sizes=\"auto, (max-width: 178px) 100vw, 178px\" \/>\u00a0 <img loading=\"lazy\" decoding=\"async\" class=\"alignnone  wp-image-738\" src=\"https:\/\/schual.at\/wp-content\/uploads\/booking-bewertung-2023-300x300.png\" alt=\"\" width=\"174\" height=\"174\" srcset=\"https:\/\/schual.at\/wp-content\/uploads\/booking-bewertung-2023-300x300.png 300w, https:\/\/schual.at\/wp-content\/uploads\/booking-bewertung-2023-1024x1024.png 1024w, https:\/\/schual.at\/wp-content\/uploads\/booking-bewertung-2023-150x150.png 150w, https:\/\/schual.at\/wp-content\/uploads\/booking-bewertung-2023-768x768.png 768w, https:\/\/schual.at\/wp-content\/uploads\/booking-bewertung-2023.png 1080w\" sizes=\"auto, (max-width: 174px) 100vw, 174px\" \/><img loading=\"lazy\" decoding=\"async\" class=\"wp-image-749 alignleft\" src=\"https:\/\/schual.at\/wp-content\/uploads\/Digital-Award-TRA-2024-300x300.png\" alt=\"\" width=\"226\" height=\"226\" srcset=\"https:\/\/schual.at\/wp-content\/uploads\/Digital-Award-TRA-2024-300x300.png 300w, https:\/\/schual.at\/wp-content\/uploads\/Digital-Award-TRA-2024-1024x1024.png 1024w, https:\/\/schual.at\/wp-content\/uploads\/Digital-Award-TRA-2024-150x150.png 150w, https:\/\/schual.at\/wp-content\/uploads\/Digital-Award-TRA-2024-768x768.png 768w, https:\/\/schual.at\/wp-content\/uploads\/Digital-Award-TRA-2024.png 1080w\" sizes=\"auto, (max-width: 226px) 100vw, 226px\" \/><img loading=\"lazy\" decoding=\"async\" class=\"wp-image-750 alignleft\" src=\"https:\/\/schual.at\/wp-content\/uploads\/Digital-Award-TRA-2025-300x300.png\" alt=\"\" width=\"215\" height=\"215\" srcset=\"https:\/\/schual.at\/wp-content\/uploads\/Digital-Award-TRA-2025-300x300.png 300w, https:\/\/schual.at\/wp-content\/uploads\/Digital-Award-TRA-2025-1024x1024.png 1024w, https:\/\/schual.at\/wp-content\/uploads\/Digital-Award-TRA-2025-150x150.png 150w, https:\/\/schual.at\/wp-content\/uploads\/Digital-Award-TRA-2025-768x768.png 768w, https:\/\/schual.at\/wp-content\/uploads\/Digital-Award-TRA-2025.png 1080w\" sizes=\"auto, (max-width: 215px) 100vw, 215px\" \/><\/p>\n\n\n\n\n<p><\/p>\n","protected":false},"excerpt":{"rendered":"<p>Erleben Sie einen besonderen Urlaub in Gradenegg auf 900 m Seeh\u00f6he \u00a0 Appartement &#8222;Glantolbodn&#8220;\u00a0 im OG &#8211; ca. 58 m\u00b2 Appartement \u201e\u0161ual\u201c\/Therapie- und Begegnungsraum im OG &#8211; ca. 45 m\u00b2 \u00a0 Gradenegg liegt in der Marktgemeinde Liebenfels im Bezirk St. Veit\/Glan in K\u00e4rnten, dem s\u00fcdlichsten Bundesland \u00d6sterreichs. Nach S\u00fcden erstreckt sich der atemberaubende Blick \u00fcber [&hellip;]<\/p>\n","protected":false},"author":1,"featured_media":0,"parent":0,"menu_order":0,"comment_status":"closed","ping_status":"closed","template":"","meta":{"footnotes":""},"class_list":["post-118","page","type-page","status-publish","hentry"],"_links":{"self":[{"href":"https:\/\/schual.at\/index.php\/wp-json\/wp\/v2\/pages\/118","targetHints":{"allow":["GET"]}}],"collection":[{"href":"https:\/\/schual.at\/index.php\/wp-json\/wp\/v2\/pages"}],"about":[{"href":"https:\/\/schual.at\/index.php\/wp-json\/wp\/v2\/types\/page"}],"author":[{"embeddable":true,"href":"https:\/\/schual.at\/index.php\/wp-json\/wp\/v2\/users\/1"}],"replies":[{"embeddable":true,"href":"https:\/\/schual.at\/index.php\/wp-json\/wp\/v2\/comments?post=118"}],"version-history":[{"count":76,"href":"https:\/\/schual.at\/index.php\/wp-json\/wp\/v2\/pages\/118\/revisions"}],"predecessor-version":[{"id":760,"href":"https:\/\/schual.at\/index.php\/wp-json\/wp\/v2\/pages\/118\/revisions\/760"}],"wp:attachment":[{"href":"https:\/\/schual.at\/index.php\/wp-json\/wp\/v2\/media?parent=118"}],"curies":[{"name":"wp","href":"https:\/\/api.w.org\/{rel}","templated":true}]}}