{"id":126,"date":"2017-01-04T20:31:36","date_gmt":"2017-01-04T19:31:36","guid":{"rendered":"https:\/\/schual.at\/?page_id=126"},"modified":"2023-03-19T18:13:49","modified_gmt":"2023-03-19T17:13:49","slug":"klangberuehrungen-klangmassage","status":"publish","type":"page","link":"https:\/\/schual.at\/index.php\/klangberuehrungen-klangmassage\/","title":{"rendered":"Klangber\u00fchrungen &#8211; Klangmassage"},"content":{"rendered":"<ul>\n<li>\n<h2 style=\"text-align: left;\">Verlauf:<img loading=\"lazy\" decoding=\"async\" class=\"wp-image-662  alignright\" src=\"https:\/\/schual.at\/wp-content\/uploads\/silber-QU_transparent_400_pixel_72dpi-251x300.png\" alt=\"\" width=\"205\" height=\"245\" srcset=\"https:\/\/schual.at\/wp-content\/uploads\/silber-QU_transparent_400_pixel_72dpi-251x300.png 251w, https:\/\/schual.at\/wp-content\/uploads\/silber-QU_transparent_400_pixel_72dpi.png 400w\" sizes=\"auto, (max-width: 205px) 100vw, 205px\" \/><\/h2>\n<\/li>\n<\/ul>\n<p style=\"padding-left: 30px;\">Klangmassage nennt man den gezielten Einsatz von zumeist angenehm empfundenen Klangschwingungen auf K\u00f6rper, Geist und Seele eines Menschen. Vornehmliches Ziel der Klangmassage ist es, dem behandelten Menschen zu helfen, in einen <strong>Zustand innerer Ausgeglichenheit und Harmonie<\/strong> zu gelangen.<\/p>\n<p style=\"padding-left: 30px;\">Und so unterschiedlich die Menschen sind, die zu mir kommen, so individuell verlaufen die Klangber\u00fchrungen: Der Spielverlauf folgt einer bestimmten Choreografie und hat fixe Elemente, bei dem Spiel mit Klangschalen ist die Grundlage die Klangtherapie nach Peter Hess\u00ae. Je nach aktueller Tagesverfassung und k\u00f6rperlich-seelischer Konstitution des Klienten entwickeln sich individuelle Intervalle, Rhythmen, Akkorde und Klangthemen als interaktiver Prozess \u2013\u00a0 kombiniert mit sanften Ber\u00fchrungen des K\u00f6rpers.<\/p>\n<p style=\"padding-left: 30px;\">Die <strong>Auswahl der Behandlungsform und die Zielsetzung<\/strong> erfolgt in Absprache mit dem Klienten beim prozessorientierten <strong>Vor- und Nachgespr\u00e4ch<\/strong>. Die Klangber\u00fchrungen erfolgen grunds\u00e4tzlich am bekleideten K\u00f6rper ohne Schuhe in einer bequemen Liegeposition und auf Wunsch auch im Sitzen. Dem eigentlichen Spiel folgt eine Nachwirkungsphase: Stille und Klang arbeiten Hand in Hand \u2013 beides ist von Bedeutung. <strong>Die Stille ist der Ort, der dem Klang die M\u00f6glichkeit zur Heilung verschafft.<\/strong><\/p>\n<p><img loading=\"lazy\" decoding=\"async\" class=\"wp-image-64 aligncenter\" src=\"https:\/\/schual.at\/wp-content\/uploads\/2017\/01\/IMG_0348_small.jpg\" alt=\"\" width=\"386\" height=\"257\" \/><\/p>\n<ul>\n<li>\n<h2>Wirkungsweise:<\/h2>\n<\/li>\n<\/ul>\n<p style=\"padding-left: 30px;\">Unser K\u00f6rper besteht ca. 2\/3 aus Wasser und diese Tatsache wird bei der Klangtherapie genutzt: die Schallwellen k\u00f6nnen jede Zelle des K\u00f6rpers in feinste Schwingung versetzen und k\u00f6nnen durch die aufgenommene Energie eine selbstheilende Wirkung erzielen. Feine subtile Schwingungen des Klanges sprechen seelische und geistige Bereiche des Menschen an und damit auch alle K\u00f6rperzellen, in denen die urspr\u00fcngliche Ordnung so wiederhergestellt werden kann. Das Vibrieren der Kl\u00e4nge ist auch k\u00f6rperlich sp\u00fcrbar und wird als \u00e4u\u00dferst wohltuend empfunden.<\/p>\n<p style=\"padding-left: 30px;\">Ich weise hiermit auch ausdr\u00fccklich darauf hin, dass es sich bei einer Klangmassage um keine Massage im herk\u00f6mmlichen Sinn handelt \u2013 <strong>die Klangmassage ersetzt weder Diagnose noch Therapie durch den Arzt<\/strong> oder Psychotherapeuten. Kl\u00e4nge unterst\u00fctzen bei der Anregung der Selbstheilungskr\u00e4fte und durch die Entspannung des K\u00f6rpers k\u00f6nnen diese besser wirken bzw. Medikamente besser aufgenommen werden. Klangmassage wirkt ganzheitlich und \u00fcberwiegend auf der energetischen Ebene auf die Lebenskr\u00e4fte des Menschen.<\/p>\n<p style=\"padding-left: 30px;\">Die Klangmassage wird vorwiegend zur <strong>Tiefenentspannung<\/strong> eingesetzt, es k\u00f6nnen k\u00f6rperliche und seelische Spannungszust\u00e4nde abgebaut werden. Die Kl\u00e4nge wirken harmonisierend und unterst\u00fctzend bei Nervosit\u00e4t, Hektik, Stress, Schlafst\u00f6rungen u.a. Die Vibrationen k\u00f6nnen positiv auf den Energiefluss im Organismus wirken, sie wirken sich st\u00e4rkend auf die Chakren (Energiezentren) und Meridiane (Energiebahnen) aus. So wirken sie bei Verspannungen und Blockaden l\u00f6send.<\/p>\n<ul>\n<li>\n<h2>Klangschalentherapie nach Peter Hess\u00ae:<\/h2>\n<\/li>\n<\/ul>\n<p style=\"text-align: left; padding-left: 30px;\">Der obertonreiche Klang einer guten Klangschale \u2013 ich arbeite mit professionellen \u201ePeter Hess \u00ae Therapieklangschalen\u201c, die fein aufeinander abgestimmt sind \u2013 erinnert an die tiefere Ordnung des Seins, alles ist Ton, alles ist Schwingung \u2013 die Welt ist Klang.<\/p>\n<p style=\"text-align: left; padding-left: 30px;\">Der Ton einer Klangschale ber\u00fchrt unser Innerstes, er bringt die Seele zum Schwingen.<\/p>\n<p><img loading=\"lazy\" decoding=\"async\" class=\"wp-image-71 aligncenter\" src=\"https:\/\/schual.at\/wp-content\/uploads\/2017\/01\/IMG_0467.jpg\" alt=\"\" width=\"416\" height=\"277\" \/><\/p>\n<ul>\n<li>\n<h2>Klangresonanzliege:<\/h2>\n<\/li>\n<\/ul>\n<p style=\"padding-left: 30px;\">Ein Klangbett ist ein Resonanzk\u00f6rper, der auf der Unterseite mit Monochordbesaitung bespannt ist. Der Klient liegt bequem am Klangbett, das aus hochwertigen H\u00f6lzern gebaut ist und mit seinem <strong>orchestralen, obertonreichen Klang sanft und kraftvoll zugleich wirkt. <\/strong><\/p>\n<p style=\"padding-left: 30px;\"><strong>\u00a0<\/strong>Beim langsamen Spielen der 68 Saiten schweben \u00fcber dem Grundton eine Vielzahl von Obert\u00f6nen, welche als feine Melodien in einer reinen, harmonischen Ordnung h\u00f6rbar werden. Dieser sph\u00e4rische Klangteppich scheint frei im Raum zu schweben, als w\u00e4ren ganze Ch\u00f6re oder \u201eEngelsges\u00e4nge\u201c vernehmbar.<\/p>\n<p style=\"padding-left: 30px;\">Ein Oberton ist ein Vielfaches der Schwingung des Grundtones. Immer, wenn ein Ton erklingt, schwingen diese feinen, h\u00f6heren T\u00f6ne mit. Sie stehen in einem ganzzahligen Verh\u00e4ltnis zum Grundton. Diese faszinierende harmonikale Gesetzm\u00e4\u00dfigkeit der Natur findet sich u. a. wieder im Aufbau des menschlichen K\u00f6rpers, im Kosmos, im Aufbau der Kristalle und die Strukturen sind im gesamten Tier- und Pflanzenreich zu finden \u2013 wahrlich eine Offenbarung Gottes!<\/p>\n<p style=\"padding-left: 30px;\">Das akustische Klangerlebnis der vielschichtigen Obertonwelt und die physisch sp\u00fcrbaren Vibrationen wirken ganzheitlich auf den Menschen ein. Es k\u00f6nnen sich Innenr\u00e4ume \u00f6ffnen und l\u00e4ngst vergessene Erinnerungen ins Bewusstsein bringen, Erlebnisse von grenzenloser Freiheit oder auch Geborgenheit sind m\u00f6glich.<\/p>\n<ul>\n<li>\n<h2>Sonophorese (Tonpunktur)<\/h2>\n<\/li>\n<\/ul>\n<p style=\"padding-left: 30px;\">Sonophorese ist das Anwenden von Schwingungen, die mit Stimmgabeln auf Muskeln, Knochen, Organe, Chakren und unterschiedlichen K\u00f6rperzonen \u00fcbertragen werden.<\/p>\n<p style=\"padding-left: 30px;\">Hierbei wird die <strong>Stimmgabel auf bestimmte Punkte <\/strong>(meist Akupunkturpunkte und Meridiane) gesetzt. Die Resonanz der Schwingungen harmonisiert und st\u00e4rkt das Energiesystem und regt so die Selbstheilungskr\u00e4fte an. Die Stimmgabel-Tonpunktur kann alternativ zur Nadel-Akupunktur angewandt werden.<\/p>\n<p style=\"padding-left: 30px;\">Das Akupunktur-System ist in der Traditionellen Chinesischen Medizin (TCM) beheimatet. Die TCM ist eine Wissenschaft des Ausgleichs, mit dem Ziel, das Verh\u00e4ltnis der beiden Schwingungs- und Lebenspole, die in der TCM Yin und Yang hei\u00dfen, zu harmonisieren. Die Akupunkturpunkte liegen auf Meridianen &#8211; auf Energiebahnen des K\u00f6rpers<\/p>\n<ul>\n<li>\n<h2>Tao-Klangreihe:<\/h2>\n<\/li>\n<\/ul>\n<p style=\"padding-left: 30px;\"><em>\u00a0<\/em>Die Besonderheit der Tao-Reihe ist nicht einfach zu greifen. Rudolf Steiner schreibt in seinem Toneurythmie-Kurs dar\u00fcber: <em>\u201eEin tiefer, verborgener Seelengrund und eine erhabene Zukunft zugleich bedeutet Tao.\u201c<\/em><\/p>\n<p style=\"padding-left: 30px;\">Gespielt wird die <strong>Tao-Klangreihe \u00fcber mehrere Oktaven<\/strong> und sie wird beschrieben wie eine Art von klingendem Wasserfall, wenn die Saiten von oben nach unten gespielt werden und umgekehrt erklingen die Saiten wie ein tief geerdetes, sich warm ausbreitendes Klangfeld. Einzelne Tonfolgen dieser Reihe erg\u00e4nzen die Klangber\u00fchrungen auf der Klangresonanzliege.<\/p>\n<p style=\"padding-left: 30px;\">\u201eDie Grundt\u00f6ne der Tao-Leier haben einen meditativen, nach innen-f\u00fchrenden Charakter und bilden ein sehr altes Tonsystem, das seinerseits Vorg\u00e4nger des pentatonischen Tonsystems war. Es wird eine rhythmisch, perlende Tonfolge erzeugt, die strukturierend-harmonisierend und zugleich belebend-energetisierend wirkt.\u201c Rudolf Steiners Hinweise, Angaben und \u00dcbungsanleitungen (Meditations\u00fcbung, Ton-Eurythmie Kurs, 1924) dienten hier als Grundlage der Arbeit von Victoria Ryan (Musiktherapeutin und Heilp\u00e4dagogin) und Andreas Lehmann.<\/p>\n<p><img loading=\"lazy\" decoding=\"async\" class=\" wp-image-412 aligncenter\" src=\"https:\/\/schual.at\/wp-content\/uploads\/Wolyersee-Lesachtal-2012-278-300x200.jpg\" alt=\"\" width=\"327\" height=\"218\" srcset=\"https:\/\/schual.at\/wp-content\/uploads\/Wolyersee-Lesachtal-2012-278-300x200.jpg 300w, https:\/\/schual.at\/wp-content\/uploads\/Wolyersee-Lesachtal-2012-278-768x512.jpg 768w, https:\/\/schual.at\/wp-content\/uploads\/Wolyersee-Lesachtal-2012-278-1024x682.jpg 1024w, https:\/\/schual.at\/wp-content\/uploads\/Wolyersee-Lesachtal-2012-278.jpg 2000w\" sizes=\"auto, (max-width: 327px) 100vw, 327px\" \/><\/p>\n<ul>\n<li>\n<h2>Stille:<\/h2>\n<\/li>\n<\/ul>\n<p style=\"padding-left: 30px;\">Das Wahrnehmen der Stille und das Nachklingenlassen ist Teil der Klangmassage.<\/p>\n<p style=\"padding-left: 30px;\">Das L\u00e4rm krank machen kann, ist heute kein Geheimnis mehr. Das Ohr \u00f6ffnet den menschlichen Organismus intensiver und schutzloser als andere Sinnesorgane den Einfl\u00fcssen unserer Zivilisation. Viele Menschen suchen die Stille und merken, dass diese gar nicht so leicht auszuhalten ist.<\/p>\n<p style=\"padding-left: 30px;\">In der Stille er\u00f6ffnen sich neue Erfahrungsr\u00e4ume: aus dieser Einsicht speisen sich Meditations\u00fcbungen aller Art. Die \u00e4u\u00dfere Stille ist nur Hilfsmittel und Unterst\u00fctzung f\u00fcr das <strong>Entwickeln einer inneren Stille<\/strong>.<\/p>\n<p style=\"padding-left: 30px;\">Dichter sprechen vom Dr\u00f6hnen der Stille. Von der Orgel des Schweigens.<\/p>\n<p style=\"padding-left: 30px;\">Rudolf Steiner schreibt: <em>\u201eDieses \u201eKlingen\u201c ist ein rein geistiger Vorgang. Es muss ohne alles Mitdenken eines physischen Tones vorgestellt werden. Der Beobachter f\u00fchlt sich wie in einem Meer aus T\u00f6nen. Und in diesen T\u00f6nen, in diesem geistigen Klingen dr\u00fccken sich die Wesenheiten der geistigen Welt aus\u2026Dem Besitzer des \u201egeistigen Ohres\u201c ist die \u201eSph\u00e4renmusik\u201c nicht blo\u00df etwas Bildliches, Allegorisches, sondern eine ihm wohlbekannte geistige Wirklichkeit\u2026\u201c<\/em><\/p>\n<p style=\"padding-left: 30px;\"><em>\u00a0<\/em>Nicht nur in unserem Kulturkreis, sondern auch die Weisheit aller \u00f6stlichen Kulturen ist zutiefst von der \u00dcberzeugung gepr\u00e4gt, dass <strong>die Welt voller unh\u00f6rbarer Kl\u00e4nge<\/strong> sei und dass eben dies das Kennzeichen des h\u00f6heren Bewusstseins ist: sie im eigenen Inneren h\u00f6ren zu k\u00f6nnen.<\/p>\n<ul>\n<li>\n<h2>Liebe:<\/h2>\n<\/li>\n<\/ul>\n<p style=\"padding-left: 30px;\">Die Liebe ist Grundlage meiner Arbeit. Ich bin der festen \u00dcberzeugung, dass es eine Rolle spielt, welche Gedanken ich bei meinem Tun habe. Es macht einen Unterschied, ob ich, wenn ich eine Klangschale anschlage, an meine Wochenendplanung denke und mit mir selbst besch\u00e4ftigt bin, oder ob ich mich ganz bewusst mit dem Menschen verbinde, den ich begleite. Wenn ich dem Klang, den ich erzeuge, Gedanken oder eine bestimmte Energie mit auf den Weg gebe, kann das die Wirkung der Schwingungen beeinflussen.<\/p>\n<ul>\n<li>\n<h2>Aromabehandlung:<\/h2>\n<\/li>\n<\/ul>\n<p style=\"padding-left: 30px;\">Auf Wunsch und ohne Aufpreis ist bei der Klangmassage auch die Unterst\u00fctzung durch <strong>hochwertige \u00e4therische \u00d6le in Bioqualit\u00e4t aus dem Hause \u201eSonnentor\u201c<\/strong> mit einem Ultraschall-Duftvernebler oder nach Belieben mit dem Vitalofen mit Saunasteinen und <strong>abgestimmten Kr\u00e4utermischungen <\/strong>inkludiert. Diese k\u00f6nnen entspannend und harmonisierend, belebend und erfrischend, beruhigend und l\u00f6send oder konzentrationsf\u00f6rdernd wirken. Verschiedene Kr\u00e4uterteemischungen k\u00f6nnen die Anwendungen zus\u00e4tzlich unterst\u00fctzen.<\/p>\n<p style=\"padding-left: 30px;\">Ein sorgsamer, verantwortungsvoller Umgang mit diesen kostbaren \u00d6len und Kr\u00e4utern ist Voraussetzung in der Aromapraxis!<\/p>\n<ul>\n<li>\n<h2>Kosten<\/h2>\n<\/li>\n<\/ul>\n<p style=\"padding-left: 30px;\">\u20ac 45,- (Dauer rund 50 &#8211; 60 Minuten inkl. Gespr\u00e4ch, Nachwirkungsphase)<\/p>\n<p style=\"padding-left: 30px;\">Die Auswahl der Behandlungsform und die Zielsetzung erfolgt in Absprach mit dem Klienten.<\/p>\n<p style=\"padding-left: 30px;\">Gerne stellen wir auch <strong>Gutscheine zum Verschenken<\/strong> aus und verpacken diese liebevoll: als kleines Dankesch\u00f6n f\u00fcr einen lieben Menschen dem man Entspannung w\u00fcnscht, als Weihnachts- oder Geburtstagsgeschenk \u2013 oder: einfach nur so&#8230;.<\/p>\n<p><img loading=\"lazy\" decoding=\"async\" class=\"wp-image-65 aligncenter\" src=\"https:\/\/schual.at\/wp-content\/uploads\/2017\/01\/IMG_0351-1.jpg\" alt=\"\" width=\"362\" height=\"241\" \/><\/p>\n<p style=\"text-align: center;\">Unter den Rhythmen<\/p>\n<p style=\"text-align: center;\">Des Lebens tr\u00e4umt Deine Stille,<\/p>\n<p style=\"text-align: center;\">Aus gewaltigen Kl\u00e4ngen<\/p>\n<p style=\"text-align: center;\">Besteht ihr Raum.<\/p>\n<p style=\"text-align: center;\">Zeitalter<\/p>\n<p style=\"text-align: center;\">Lang rauschen Harmonien<\/p>\n<p style=\"text-align: center;\">Unh\u00f6rbar den Welten durchs Sein,<\/p>\n<p style=\"text-align: center;\">Nichts ist ohne sie \u2013 Musik<\/p>\n<p style=\"text-align: center;\">Tanzt in den Adern der Welt.<\/p>\n<p style=\"text-align: center;\">Welch ein Kreislauf der Ekstasen!<\/p>\n<p style=\"text-align: center;\">Niemand schl\u00e4ft ein und<\/p>\n<p style=\"text-align: center;\">Niemand erwacht ohne Liebe.<\/p>\n<p style=\"text-align: center;\">Sie ist die Melodie, die unh\u00f6rbar<\/p>\n<p style=\"text-align: center;\">Die Wasser tr\u00e4gt und formt.<\/p>\n<p style=\"text-align: center;\">Nichts t\u00f6nt aus ihr,<\/p>\n<p style=\"text-align: center;\">Alles ist in ihr selbst.<\/p>\n<p><img loading=\"lazy\" decoding=\"async\" class=\" wp-image-227 aligncenter\" src=\"https:\/\/schual.at\/wp-content\/uploads\/IMG_2974-730x280-300x115.jpg\" alt=\"\" width=\"258\" height=\"99\" srcset=\"https:\/\/schual.at\/wp-content\/uploads\/IMG_2974-730x280-300x115.jpg 300w, https:\/\/schual.at\/wp-content\/uploads\/IMG_2974-730x280.jpg 730w\" sizes=\"auto, (max-width: 258px) 100vw, 258px\" \/><\/p>\n<p style=\"text-align: center;\">Aus: Gro\u00df ist das Tor der Welt, Martanda J. Jost<\/p>\n","protected":false},"excerpt":{"rendered":"<p>Verlauf: Klangmassage nennt man den gezielten Einsatz von zumeist angenehm empfundenen Klangschwingungen auf K\u00f6rper, Geist und Seele eines Menschen. Vornehmliches Ziel der Klangmassage ist es, dem behandelten Menschen zu helfen, in einen Zustand innerer Ausgeglichenheit und Harmonie zu gelangen. Und so unterschiedlich die Menschen sind, die zu mir kommen, so individuell verlaufen die Klangber\u00fchrungen: Der [&hellip;]<\/p>\n","protected":false},"author":1,"featured_media":0,"parent":0,"menu_order":0,"comment_status":"closed","ping_status":"closed","template":"","meta":{"footnotes":""},"class_list":["post-126","page","type-page","status-publish","hentry"],"_links":{"self":[{"href":"https:\/\/schual.at\/index.php\/wp-json\/wp\/v2\/pages\/126","targetHints":{"allow":["GET"]}}],"collection":[{"href":"https:\/\/schual.at\/index.php\/wp-json\/wp\/v2\/pages"}],"about":[{"href":"https:\/\/schual.at\/index.php\/wp-json\/wp\/v2\/types\/page"}],"author":[{"embeddable":true,"href":"https:\/\/schual.at\/index.php\/wp-json\/wp\/v2\/users\/1"}],"replies":[{"embeddable":true,"href":"https:\/\/schual.at\/index.php\/wp-json\/wp\/v2\/comments?post=126"}],"version-history":[{"count":19,"href":"https:\/\/schual.at\/index.php\/wp-json\/wp\/v2\/pages\/126\/revisions"}],"predecessor-version":[{"id":732,"href":"https:\/\/schual.at\/index.php\/wp-json\/wp\/v2\/pages\/126\/revisions\/732"}],"wp:attachment":[{"href":"https:\/\/schual.at\/index.php\/wp-json\/wp\/v2\/media?parent=126"}],"curies":[{"name":"wp","href":"https:\/\/api.w.org\/{rel}","templated":true}]}}