{"id":140,"date":"2017-01-04T20:38:11","date_gmt":"2017-01-04T19:38:11","guid":{"rendered":"https:\/\/schual.at\/?page_id=140"},"modified":"2025-10-27T18:04:10","modified_gmt":"2025-10-27T17:04:10","slug":"ausbildung-martina-m-wieser","status":"publish","type":"page","link":"https:\/\/schual.at\/index.php\/ausbildung-martina-m-wieser\/","title":{"rendered":"Ausbildung &#8211; Martina M. Wieser"},"content":{"rendered":"<p><img loading=\"lazy\" decoding=\"async\" class=\"wp-image-67 aligncenter\" src=\"https:\/\/schual.at\/wp-content\/uploads\/2017\/01\/IMG_0374.jpg\" alt=\"\" width=\"337\" height=\"224\" \/><\/p>\n<ul>\n<li>2017: Sozialtherapeutin auf anthroposophischer Grundlage (Abschlusszertifikat vom Rudolf Steiner Seminar f\u00fcr Heilp\u00e4dagogik und Sozialtherapie Nieder\u00f6sterreich\/Wien)<\/li>\n<\/ul>\n<ul>\n<li>Ab 2016: Weg in die Selbstst\u00e4ndigkeit \u2013 Einrichtung des Therapieraumes \u201e\u0161ual\u201c in der alten Volksschule in Gradenegg und weiterhin Teilanstellung in Camphill Liebenfels\/Sozialtherapeutische Werk- und Wohnst\u00e4tten<\/li>\n<\/ul>\n<ul>\n<li>2015: Abschluss der anthroposophischen Ausbildung bei PlatO \u2013 Thema der Abschlussarbeit: \u201eVom H\u00f6ren zum Lauschen und der Stille\u201c<\/li>\n<\/ul>\n<ul>\n<li>Ab 2013: Praxiserfahrung \u2013 Klangmassage: Schwerpunkt in Camphill Liebenfels\/Sozialtherapeutische Werk- und Wohnst\u00e4tten)<\/li>\n<\/ul>\n<ul>\n<li>2013: Ausbildung zur Klangtherapeutin bei DDipl. Cornelia Scala-Hausmann (selfness &amp; business coach, Dipl. Klang- &amp; Lehrtherapeutin). \u00a0 \u00a0 \u00a0 \u00a0 \u00a0 \u00a0 \u00a0 \u00a0 \u00a0\u00a0\u00a0\u00a0\u00a0\u00a0\u00a0\u00a0\u00a0\u00a0\u00a0\u00a0\u00a0\u00a0\u00a0\u00a0\u00a0\u00a0\u00a0\u00a0\u00a0\u00a0\u00a0\u00a0\u00a0\u00a0\u00a0\u00a0\u00a0\u00a0\u00a0\u00a0\u00a0\u00a0\u00a0\u00a0\u00a0\u00a0 Inhalt der Ausbildung: u.a. Klangtherapie-Einzelbehandlung, Selbsterfahrung, Arbeit mit Gruppen, Gong-Meditationen, Kristallschalen und Klangschalenarbeit, Anwendung f\u00fcr Therapie\/ Stressmanagement\/Firmen usw., Stimmgabeltherapie (Sonophorese)<\/li>\n<\/ul>\n<ul>\n<li>Teilnahme an Musiktagungen und Kongressen im In- und Ausland als Kursteilnehmer sowie als Workshop-Leiter, regelm\u00e4\u00dfige Seminare und Kurse: Harfe, Perkussion, Improvisation, Singwochen und Chorleiterschulungen, (Kinder-)Tanz, Musik\/Stille und Spiritualit\u00e4t\u2026<\/li>\n<\/ul>\n<ul>\n<li>Leitung des integrativen \u201eEnsemble musaik\u201c in Camphill Liebenfels (seit 2000), Leitung des Gemischten Quartetts \u201edrunter &amp; dr\u00fcber\u201c (seit 2000), Leitung der Kindertanzgruppe \u201eGlantschacher Spatzen (9 Jahre), Singgemeinschaft S\u00f6rg (seit 2001), Ensemblet\u00e4tigkeit bei \u201eLarimar\u201c, \u201eLei miar\u201c, \u201eFrauensteiner Saitenklang\u201c u. a.<\/li>\n<\/ul>\n<ul>\n<li>seit 1999 und hoffentlich noch viele Jahre: Arbeit mit seelenpflegebed\u00fcrftigen erwachsenen Menschen in den Sozialtherapeutischen Werk- und Wohnst\u00e4tten Camphill Liebenfels: w\u00f6chentliche Musikstunden in der Gruppe sowie Einzelarbeit, Leitung des integrativen Ensembles musaik, Klangmassage, zust\u00e4ndig f\u00fcr Kulturarbeit in Camphill Liebenfels.\u00a0\u00a0\u00a0 J\u00e4hrliche Seminare und Kurse mit den Schwerpunkten Soziales Zusammenleben, Alter und Behinderung, UBV, Kultur der Achtsamkeit, Heilp\u00e4dagogischer Kurs, Kommunikation, regelm\u00e4\u00dfig Erste-Hilfe-Kurse u.\u00e4.<\/li>\n<\/ul>\n<ul>\n<li>ab 1993: Matura an der HLW St. Veit\/Glan, verschiedene T\u00e4tigkeiten im Tourismus und im Reiseb\u00fcro, Schule des Lebens durch meine beiden wundervollen Kinder Lukas und Bettina, Ausbildung an der SOB Waiern zum Behindertenbetreuer<\/li>\n<\/ul>\n<p><img loading=\"lazy\" decoding=\"async\" class=\"wp-image-84 aligncenter\" src=\"https:\/\/schual.at\/wp-content\/uploads\/2017\/01\/IMG_9731.jpg\" alt=\"\" width=\"323\" height=\"215\" \/><\/p>\n<p><strong>Noch ein paar pers\u00f6nliche Worte:<\/strong> ohne Musik und Klang ist mein Leben nicht vorstellbar. Ich bin offen f\u00fcr die verschiedensten Musikstile, sie bereichern und unterst\u00fctzen mich in den unterschiedlichen Lebens- und Stimmungslagen. Ich mache nicht professionell Musik, aber mit Liebe, Begeisterung und vor allem zu meiner eigenen Erbauung. Als Kind durfte ich Instrumentalunterricht genie\u00dfen \u2013 herzlichen Dank meinen Eltern f\u00fcr die Erm\u00f6glichung des Unterrichts und f\u00fcr meine ersten Instrumente.\u00a0 Dies ist der Grundstein f\u00fcr die Vielseitigkeit in der Musik, die mich begleitet\u2026<\/p>\n<ul>\n<li>In der echten Volksmusik erlebe ich eine mir wohltuende Harmonie und ergreifende Schlichtheit\u2026<\/li>\n<li>Im guten Jazz begeistert mich die unendliche Freiheit und Bewusstseinserweiterung\u2026<\/li>\n<li>Im Chorgesang und bei meinem geliebten gemischten Quartett \u201edrunter &amp; dr\u00fcber\u201c sp\u00fcre ich die Kraft der Stimme als starken Ausdruck der Seele und die Besonderheit des Einswerdens im Atem\u2026<\/li>\n<li>In der Alten Musik sp\u00fcre ich die Verbindung zum G\u00f6ttlichen und sie begl\u00fcckt mich\u2026<\/li>\n<li>Im Rock ist Power, Leidenschaft und ich mag die k\u00f6rperliche Ausgelassenheit\u2026<\/li>\n<li>Singer\/Songwriter bringen mir\u00a0 mit ihren Melodien ber\u00fchrende Texte n\u00e4her\u2026<\/li>\n<li>Weltmusik liebe ich \u00fcber alles, sie l\u00e4sst mich in verschieden Kulturen und Lebensgef\u00fchle eintauchen\u2026<\/li>\n<li>Klassisch Musik bildet und n\u00e4hrt meine Seele\u2026<\/li>\n<li>Crossover inspiriert mich und sprengt Grenzen&#8230;<\/li>\n<li>Sph\u00e4rische Kl\u00e4nge bringen mich in andere Welten und Bewusstseinsstufen&#8230;<\/li>\n<li>Die Musik von J.S. Bach bewegt und ordnet mich, wieder und wieder und wieder\u2026<\/li>\n<li>Ein einzelner, mit Leidenschaft und Innigkeit dargebrachter Ton kann mich gl\u00fccklich machen und mich ber\u00fchren &#8211; im einzelnen Ton kann das gesamte Universum erklingen und verstanden werden!<\/li>\n<\/ul>\n<p>Musikalisch gepr\u00e4gt und beeindruckt wurde ich u.a. durch Arvo P\u00e4rt, Onkel Pepe Josef Pirker \u2013 dem Hoach St. Pauler, Konstantin Wecker, Gregorio Allegri\/Miserere, Monika Stadler, Martanda J. Jost, Nikolaus Harnoncourt, Bertl M\u00fctter, Sigi Hoffmann, J.S. Bach, Herbert Gr\u00f6nemeyer, Manfred Tischitz, Claudio Abbado, Evelin Kircher\/Kogler, Pablo Casals, trigonale &#8211; festival der alten musik, Marwan Abado, Tracy Chapman, schnittpunktvokal, Janis Joplin, Johann van der Sandt, Ludwig Hirsch, Clare Wilkinson, Glenn Gould, Alexander Lauterwasser, Rupa &amp; The April Fishes, \u00d61 &#8211; geh\u00f6rt geh\u00f6rt, Ensemble Lala, Sting und vor allem mein geliebter Mann Seppi: dem besten Tenor im Quartett \u201edrunter &amp; dr\u00fcber\u201c und\u00a0 der, seit ich ihn kenne, immer wieder einfach \u201ef\u00fcr-sich-allein-vor-sich-hin-singt\u201c &#8211; mit ein Grund, warum ich ihn seit dem Jahr 1990 an meiner Seite haben m\u00f6chte \u2013 und hoffentlich noch viele, viele Jahre!<\/p>\n<p>Und nicht zuletzt erfahre ich Inspiration durch die Natur, den Kosmos, die Verbindung mit der g\u00f6ttlichen Energie. Danke.<\/p>\n<p><img loading=\"lazy\" decoding=\"async\" class=\"wp-image-82 aligncenter\" src=\"https:\/\/schual.at\/wp-content\/uploads\/2017\/01\/IMG_1048.jpg\" alt=\"\" width=\"372\" height=\"248\" \/><\/p>\n<h4>Dieses Gedicht begleitet mich schon eine Weile:<\/h4>\n<h4>Unter den Rhythmen<\/h4>\n<h4>Des Lebens tr\u00e4umt Deine Stille,<\/h4>\n<h4>Aus gewaltigen Kl\u00e4ngen<\/h4>\n<h4>Besteht ihr Raum.<\/h4>\n<h4>Zeitalter<\/h4>\n<h4>Lang rauschen Harmonien<\/h4>\n<h4>Unh\u00f6rbar den Welten durchs Sein,<\/h4>\n<h4>Nichts ist ohne sie \u2013 Musik<\/h4>\n<h4>Tanzt in den Adern der Welt.<\/h4>\n<h4>Welch ein Kreislauf der Ekstasen!<\/h4>\n<h4>Niemand schl\u00e4ft ein und<\/h4>\n<h4>Niemand erwacht ohne Liebe.<\/h4>\n<h4>Sie ist die Melodie, die unh\u00f6rbar<\/h4>\n<h4>Die Wasser tr\u00e4gt und formt.<\/h4>\n<h4>Nichts t\u00f6nt aus ihr,<\/h4>\n<h4>Alles ist in ihr selbst.<\/h4>\n<p style=\"text-align: left;\">Aus: Gro\u00df ist das Tor der Welt, Martanda J. Jost<\/p>\n","protected":false},"excerpt":{"rendered":"<p>2017: Sozialtherapeutin auf anthroposophischer Grundlage (Abschlusszertifikat vom Rudolf Steiner Seminar f\u00fcr Heilp\u00e4dagogik und Sozialtherapie Nieder\u00f6sterreich\/Wien) Ab 2016: Weg in die Selbstst\u00e4ndigkeit \u2013 Einrichtung des Therapieraumes \u201e\u0161ual\u201c in der alten Volksschule in Gradenegg und weiterhin Teilanstellung in Camphill Liebenfels\/Sozialtherapeutische Werk- und Wohnst\u00e4tten 2015: Abschluss der anthroposophischen Ausbildung bei PlatO \u2013 Thema der Abschlussarbeit: \u201eVom H\u00f6ren zum [&hellip;]<\/p>\n","protected":false},"author":1,"featured_media":0,"parent":0,"menu_order":0,"comment_status":"closed","ping_status":"closed","template":"","meta":{"footnotes":""},"class_list":["post-140","page","type-page","status-publish","hentry"],"_links":{"self":[{"href":"https:\/\/schual.at\/index.php\/wp-json\/wp\/v2\/pages\/140","targetHints":{"allow":["GET"]}}],"collection":[{"href":"https:\/\/schual.at\/index.php\/wp-json\/wp\/v2\/pages"}],"about":[{"href":"https:\/\/schual.at\/index.php\/wp-json\/wp\/v2\/types\/page"}],"author":[{"embeddable":true,"href":"https:\/\/schual.at\/index.php\/wp-json\/wp\/v2\/users\/1"}],"replies":[{"embeddable":true,"href":"https:\/\/schual.at\/index.php\/wp-json\/wp\/v2\/comments?post=140"}],"version-history":[{"count":25,"href":"https:\/\/schual.at\/index.php\/wp-json\/wp\/v2\/pages\/140\/revisions"}],"predecessor-version":[{"id":753,"href":"https:\/\/schual.at\/index.php\/wp-json\/wp\/v2\/pages\/140\/revisions\/753"}],"wp:attachment":[{"href":"https:\/\/schual.at\/index.php\/wp-json\/wp\/v2\/media?parent=140"}],"curies":[{"name":"wp","href":"https:\/\/api.w.org\/{rel}","templated":true}]}}