{"id":162,"date":"2017-01-04T21:14:01","date_gmt":"2017-01-04T20:14:01","guid":{"rendered":"https:\/\/schual.at\/?page_id=162"},"modified":"2017-07-14T21:35:06","modified_gmt":"2017-07-14T19:35:06","slug":"lage","status":"publish","type":"page","link":"https:\/\/schual.at\/index.php\/lage\/","title":{"rendered":"Lage"},"content":{"rendered":"<p><img loading=\"lazy\" decoding=\"async\" class=\"wp-image-153 alignleft\" src=\"https:\/\/schual.at\/wp-content\/uploads\/Lage-Grafik.jpg\" alt=\"\" width=\"550\" height=\"490\" \/><\/p>\n<p>Gradenegg liegt in der Gemeinde Liebenfels im Bezirk St. Veit\/Glan in K\u00e4rnten, dem s\u00fcdlichsten Bundesland \u00d6sterreichs.<\/p>\n<p>Nach S\u00fcden erstreckt sich der atemberaubende Blick \u00fcber das ganze Glantal hin zu den Karawanken und den Julischen Alpen im Westen. Der gro\u00dfz\u00fcgige S\u00fcdbalkon l\u00e4dt dazu ein, die Seele baumeln zu lassen. Die malerischen Sonnenauf- und unterg\u00e4nge k\u00f6nnten dem Bilderbuch entstammen und bei Inversionswetterlage im Sp\u00e4therbst und im Winter, ragt Gradenegg \u00fcber dem im Tal liegenden Nebelmeer empor.<\/p>\n<p>&nbsp;<\/p>\n<p>&nbsp;<\/p>\n<p>&nbsp;<\/p>\n<p>&nbsp;<\/p>\n<p>&nbsp;<\/p>\n<h4>Familie Wieser Josef &amp; Martina<\/h4>\n<h4>Gradenegg 20<\/h4>\n<h4>A-9556 Liebenfels<\/h4>\n","protected":false},"excerpt":{"rendered":"<p>Gradenegg liegt in der Gemeinde Liebenfels im Bezirk St. Veit\/Glan in K\u00e4rnten, dem s\u00fcdlichsten Bundesland \u00d6sterreichs. Nach S\u00fcden erstreckt sich der atemberaubende Blick \u00fcber das ganze Glantal hin zu den Karawanken und den Julischen Alpen im Westen. Der gro\u00dfz\u00fcgige S\u00fcdbalkon l\u00e4dt dazu ein, die Seele baumeln zu lassen. Die malerischen Sonnenauf- und unterg\u00e4nge k\u00f6nnten dem [&hellip;]<\/p>\n","protected":false},"author":1,"featured_media":0,"parent":0,"menu_order":0,"comment_status":"closed","ping_status":"closed","template":"","meta":{"footnotes":""},"class_list":["post-162","page","type-page","status-publish","hentry"],"_links":{"self":[{"href":"https:\/\/schual.at\/index.php\/wp-json\/wp\/v2\/pages\/162","targetHints":{"allow":["GET"]}}],"collection":[{"href":"https:\/\/schual.at\/index.php\/wp-json\/wp\/v2\/pages"}],"about":[{"href":"https:\/\/schual.at\/index.php\/wp-json\/wp\/v2\/types\/page"}],"author":[{"embeddable":true,"href":"https:\/\/schual.at\/index.php\/wp-json\/wp\/v2\/users\/1"}],"replies":[{"embeddable":true,"href":"https:\/\/schual.at\/index.php\/wp-json\/wp\/v2\/comments?post=162"}],"version-history":[{"count":8,"href":"https:\/\/schual.at\/index.php\/wp-json\/wp\/v2\/pages\/162\/revisions"}],"predecessor-version":[{"id":587,"href":"https:\/\/schual.at\/index.php\/wp-json\/wp\/v2\/pages\/162\/revisions\/587"}],"wp:attachment":[{"href":"https:\/\/schual.at\/index.php\/wp-json\/wp\/v2\/media?parent=162"}],"curies":[{"name":"wp","href":"https:\/\/api.w.org\/{rel}","templated":true}]}}