{"id":165,"date":"2017-01-04T21:15:03","date_gmt":"2017-01-04T20:15:03","guid":{"rendered":"https:\/\/schual.at\/?page_id=165"},"modified":"2017-02-04T21:52:30","modified_gmt":"2017-02-04T20:52:30","slug":"ruine-gradenegg","status":"publish","type":"page","link":"https:\/\/schual.at\/index.php\/ruine-gradenegg\/","title":{"rendered":"Ruine Gradenegg"},"content":{"rendered":"<p><img loading=\"lazy\" decoding=\"async\" class=\"size-medium wp-image-256 alignleft\" src=\"https:\/\/schual.at\/wp-content\/uploads\/Ruine-Gradenegg-Karte-300x208.jpg\" alt=\"\" width=\"300\" height=\"208\" srcset=\"https:\/\/schual.at\/wp-content\/uploads\/Ruine-Gradenegg-Karte-300x208.jpg 300w, https:\/\/schual.at\/wp-content\/uploads\/Ruine-Gradenegg-Karte-768x531.jpg 768w, https:\/\/schual.at\/wp-content\/uploads\/Ruine-Gradenegg-Karte-1024x709.jpg 1024w, https:\/\/schual.at\/wp-content\/uploads\/Ruine-Gradenegg-Karte.jpg 1474w\" sizes=\"auto, (max-width: 300px) 100vw, 300px\" \/><img loading=\"lazy\" decoding=\"async\" class=\"wp-image-48 alignright\" src=\"https:\/\/schual.at\/wp-content\/uploads\/2017\/01\/Burgruine-Gradenegg.jpg\" alt=\"\" width=\"203\" height=\"305\" \/>1192 wurde die Ruine erstmals urkundlich erw\u00e4hnt. Ein Erdbeben besch\u00e4digte die Burg 1796 schwer, nachdem nutzte man sie als Stallung und Wirtschaftsgeb\u00e4ude. Den Kern\u00a0bildet ein wuchtiger Bergfried, um den sich Wirtschaftsgeb\u00e4ude aus dem 14.\/15. Jahrhundert gruppieren. Der im Westen befindliche dreigescho\u00dfige Palas wurde im 16. Jahrhundert gro\u00dfz\u00fcgig um- und ausgebaut. Die Burg ist mit einer Mauer aus dem 15. Jahrhundert umgeben. Die schon stark im Verfall begriffene Burganlage liegt ca. 300 m \u00fcber dem Glantalboden auf einer niederen Felskuppe. Die Ruine ist frei zug\u00e4nglich \u2013 Betreten auf eigene Gefahr. (Quelle: www.liebenfels.at)<\/p>\n","protected":false},"excerpt":{"rendered":"<p>1192 wurde die Ruine erstmals urkundlich erw\u00e4hnt. Ein Erdbeben besch\u00e4digte die Burg 1796 schwer, nachdem nutzte man sie als Stallung und Wirtschaftsgeb\u00e4ude. Den Kern\u00a0bildet ein wuchtiger Bergfried, um den sich Wirtschaftsgeb\u00e4ude aus dem 14.\/15. Jahrhundert gruppieren. Der im Westen befindliche dreigescho\u00dfige Palas wurde im 16. Jahrhundert gro\u00dfz\u00fcgig um- und ausgebaut. Die Burg ist mit einer [&hellip;]<\/p>\n","protected":false},"author":1,"featured_media":0,"parent":0,"menu_order":0,"comment_status":"closed","ping_status":"closed","template":"","meta":{"footnotes":""},"class_list":["post-165","page","type-page","status-publish","hentry"],"_links":{"self":[{"href":"https:\/\/schual.at\/index.php\/wp-json\/wp\/v2\/pages\/165","targetHints":{"allow":["GET"]}}],"collection":[{"href":"https:\/\/schual.at\/index.php\/wp-json\/wp\/v2\/pages"}],"about":[{"href":"https:\/\/schual.at\/index.php\/wp-json\/wp\/v2\/types\/page"}],"author":[{"embeddable":true,"href":"https:\/\/schual.at\/index.php\/wp-json\/wp\/v2\/users\/1"}],"replies":[{"embeddable":true,"href":"https:\/\/schual.at\/index.php\/wp-json\/wp\/v2\/comments?post=165"}],"version-history":[{"count":7,"href":"https:\/\/schual.at\/index.php\/wp-json\/wp\/v2\/pages\/165\/revisions"}],"predecessor-version":[{"id":433,"href":"https:\/\/schual.at\/index.php\/wp-json\/wp\/v2\/pages\/165\/revisions\/433"}],"wp:attachment":[{"href":"https:\/\/schual.at\/index.php\/wp-json\/wp\/v2\/media?parent=165"}],"curies":[{"name":"wp","href":"https:\/\/api.w.org\/{rel}","templated":true}]}}