{"id":682,"date":"2020-12-04T17:04:51","date_gmt":"2020-12-04T16:04:51","guid":{"rendered":"https:\/\/schual.at\/?page_id=682"},"modified":"2020-12-04T17:04:51","modified_gmt":"2020-12-04T16:04:51","slug":"oeffentliche-kinderbibliothek","status":"publish","type":"page","link":"https:\/\/schual.at\/index.php\/oeffentliche-kinderbibliothek\/","title":{"rendered":"\u00d6ffentliche Kinderbibliothek"},"content":{"rendered":"\n<figure class=\"wp-block-image size-large\"><img loading=\"lazy\" decoding=\"async\" width=\"333\" height=\"334\" src=\"https:\/\/schual.at\/wp-content\/uploads\/grafik-4.png\" alt=\"\" class=\"wp-image-683\" srcset=\"https:\/\/schual.at\/wp-content\/uploads\/grafik-4.png 333w, https:\/\/schual.at\/wp-content\/uploads\/grafik-4-300x300.png 300w, https:\/\/schual.at\/wp-content\/uploads\/grafik-4-150x150.png 150w\" sizes=\"auto, (max-width: 333px) 100vw, 333px\" \/><\/figure>\n\n\n\n<p>Liebe Kinder!<\/p>\n\n\n\n<p>Wir m\u00f6chten euch einladen, unsere <strong>\u00d6ffentliche Kinderbibliothek<\/strong>in der alten Volksschule in Gradenegg zu besuchen.<\/p>\n\n\n\n<p>Wie funktioniert das?<\/p>\n\n\n\n<ul class=\"wp-block-list\"><li><strong>\u201ehingehen \u2013 aussuchen \u2013 mitnehmen \u2013 lesen \u2013 wiederbringen\u201c<\/strong><\/li><li>Der offenen Kinderb\u00fccherschrank steht wettergesch\u00fctzt im Eingangsbereich der alten Volksschule in Gradenegg in der Marktgemeinde Liebenfels<\/li><li>Die B\u00fccher sind mit einem Aufkleber beschriftet und d\u00fcrfen zu jeder Tageszeit ohne Registrierung&nbsp;formlos&nbsp;selbst aus den B\u00fccherk\u00e4sten im Eingangsbereich geholt und mitgenommen werden und nach dem Auslesen wieder zur\u00fcckgebracht werden.<\/li><li>Das Ausleihen der Kinderb\u00fccher ist <strong>kostenlos<\/strong>!<\/li><\/ul>\n\n\n\n<figure class=\"wp-block-image size-large\"><img loading=\"lazy\" decoding=\"async\" width=\"256\" height=\"171\" src=\"https:\/\/schual.at\/wp-content\/uploads\/grafik-5.png\" alt=\"\" class=\"wp-image-684\"\/><\/figure>\n\n\n\n<p><strong>Wo:<\/strong> Alte Volksschule Gradenegg &#8211; vor dem Eingang,  Gradenegg 20, 9556 <\/p>\n\n\n\n<p><strong>Infos:<\/strong> Martina Wieser (0664\/73 63 4334)<\/p>\n\n\n\n<figure class=\"wp-block-image size-large\"><img loading=\"lazy\" decoding=\"async\" width=\"174\" height=\"261\" src=\"https:\/\/schual.at\/wp-content\/uploads\/grafik-6.png\" alt=\"\" class=\"wp-image-685\"\/><\/figure>\n\n\n\n<figure class=\"wp-block-image size-large\"><img loading=\"lazy\" decoding=\"async\" width=\"373\" height=\"559\" src=\"https:\/\/schual.at\/wp-content\/uploads\/grafik-7.png\" alt=\"\" class=\"wp-image-686\" srcset=\"https:\/\/schual.at\/wp-content\/uploads\/grafik-7.png 373w, https:\/\/schual.at\/wp-content\/uploads\/grafik-7-200x300.png 200w\" sizes=\"auto, (max-width: 373px) 100vw, 373px\" \/><\/figure>\n","protected":false},"excerpt":{"rendered":"<p>Liebe Kinder! Wir m\u00f6chten euch einladen, unsere \u00d6ffentliche Kinderbibliothekin der alten Volksschule in Gradenegg zu besuchen. Wie funktioniert das? \u201ehingehen \u2013 aussuchen \u2013 mitnehmen \u2013 lesen \u2013 wiederbringen\u201c Der offenen Kinderb\u00fccherschrank steht wettergesch\u00fctzt im Eingangsbereich der alten Volksschule in Gradenegg in der Marktgemeinde Liebenfels Die B\u00fccher sind mit einem Aufkleber beschriftet und d\u00fcrfen zu jeder [&hellip;]<\/p>\n","protected":false},"author":1,"featured_media":0,"parent":0,"menu_order":0,"comment_status":"closed","ping_status":"closed","template":"","meta":{"footnotes":""},"class_list":["post-682","page","type-page","status-publish","hentry"],"_links":{"self":[{"href":"https:\/\/schual.at\/index.php\/wp-json\/wp\/v2\/pages\/682","targetHints":{"allow":["GET"]}}],"collection":[{"href":"https:\/\/schual.at\/index.php\/wp-json\/wp\/v2\/pages"}],"about":[{"href":"https:\/\/schual.at\/index.php\/wp-json\/wp\/v2\/types\/page"}],"author":[{"embeddable":true,"href":"https:\/\/schual.at\/index.php\/wp-json\/wp\/v2\/users\/1"}],"replies":[{"embeddable":true,"href":"https:\/\/schual.at\/index.php\/wp-json\/wp\/v2\/comments?post=682"}],"version-history":[{"count":2,"href":"https:\/\/schual.at\/index.php\/wp-json\/wp\/v2\/pages\/682\/revisions"}],"predecessor-version":[{"id":691,"href":"https:\/\/schual.at\/index.php\/wp-json\/wp\/v2\/pages\/682\/revisions\/691"}],"wp:attachment":[{"href":"https:\/\/schual.at\/index.php\/wp-json\/wp\/v2\/media?parent=682"}],"curies":[{"name":"wp","href":"https:\/\/api.w.org\/{rel}","templated":true}]}}