{"id":93,"date":"2017-01-03T21:06:23","date_gmt":"2017-01-03T20:06:23","guid":{"rendered":"https:\/\/schual.at\/?page_id=93"},"modified":"2025-10-30T18:53:15","modified_gmt":"2025-10-30T17:53:15","slug":"startseite","status":"publish","type":"page","link":"https:\/\/schual.at\/","title":{"rendered":"STARTSEITE"},"content":{"rendered":"<h2>Das 5. x in Folge &#8211; herzlichen Dank unseren G\u00e4sten f\u00fcr die H\u00f6chstbewertung!<br \/>\nEs macht uns noch immer sehr viel Freude, Menschen aus aller Welt in unserer ehemaligen kleinen Dorfschule zu beherbergen. Hoch \u00fcber dem Glantal mit Blick auf die Berge umgeben von Natur kann man einfach gut die Seele baumeln lassen, zur Ruhe kommen und sich in der frischen Luft bewegen, um wieder gest\u00e4rkt in den Alltag zu gehen. K\u00e4rnten hat so viel zu bietenSchule (lat. schola) \u2013 Ursprungsbedeutung: freie Zeit, Mu\u00dfe<\/h2>\n<h4>Alte Volksschule in Gradenegg hoch \u00fcber dem Glantal in Mittelk\u00e4rnten im S\u00fcden \u00d6sterreichs<\/h4>\n<h3>Raum f\u00fcr Begegnung, Erholung, Entspannung<\/h3>\n<p>Unsere moderne Zivilisation bringt neue Herausforderungen f\u00fcr den Menschen, wo es vermehrt gilt, die Lebenskr\u00e4fte des Menschen zu st\u00e4rken. Der heutige Mensch hat weniger mit der k\u00f6rperlichen Ersch\u00f6pfung zu k\u00e4mpfen, sondern es geht eher um Themen wie \u201eden Kopf frei kriegen\u201c, \u201eEnergie tanken\u201c oder \u201edie Batterien wieder aufladen\u201c.<\/p>\n<p>Salutogenese \u2013 die eigene Gesundheit st\u00e4rken &#8211; doch wie mach ich das? Was bringt mir Ruhe, wie komme ich in Momente der Stille, wie \u00f6ffne ich meine Sinne und somit meinen K\u00f6rper f\u00fcr die Heilkr\u00e4fte in der Natur? Habe ich einen Ort gefunden, wo ich mich in Ruhe in ein Buch vertiefen kann, meine Seele baumeln lassen kann oder einfach nur \u201esein\u201c darf?<\/p>\n<p>Den inneren Ort hierf\u00fcr darf jeder selbst ergr\u00fcnden \u2013 \u00e4u\u00dfere Rahmenbedingungen und Hilfestellung dazu k\u00f6nnen in der \u201e\u0160ual.in.Gradne\u201c zu finden sein.<\/p>\n<p><img loading=\"lazy\" decoding=\"async\" class=\"alignnone  wp-image-472\" src=\"https:\/\/schual.at\/wp-content\/uploads\/cropped-schualOKoval-300x196.jpg\" alt=\"\" width=\"291\" height=\"190\" srcset=\"https:\/\/schual.at\/wp-content\/uploads\/cropped-schualOKoval-300x196.jpg 300w, https:\/\/schual.at\/wp-content\/uploads\/cropped-schualOKoval-768x502.jpg 768w, https:\/\/schual.at\/wp-content\/uploads\/cropped-schualOKoval-1024x670.jpg 1024w, https:\/\/schual.at\/wp-content\/uploads\/cropped-schualOKoval.jpg 1440w\" sizes=\"auto, (max-width: 291px) 100vw, 291px\" \/> <img loading=\"lazy\" decoding=\"async\" class=\"alignnone  wp-image-560\" src=\"https:\/\/schual.at\/wp-content\/uploads\/IMG_0060-300x200.jpg\" alt=\"\" width=\"249\" height=\"166\" srcset=\"https:\/\/schual.at\/wp-content\/uploads\/IMG_0060-300x200.jpg 300w, https:\/\/schual.at\/wp-content\/uploads\/IMG_0060-768x512.jpg 768w, https:\/\/schual.at\/wp-content\/uploads\/IMG_0060-1024x682.jpg 1024w, https:\/\/schual.at\/wp-content\/uploads\/IMG_0060.jpg 2000w\" sizes=\"auto, (max-width: 249px) 100vw, 249px\" \/>\u00a0\u00a0\u00a0 \u00a0 \u00a0 \u00a0 \u00a0 \u00a0 \u00a0 \u00a0\u00a0 <img loading=\"lazy\" decoding=\"async\" class=\" wp-image-473 alignnone\" src=\"https:\/\/schual.at\/wp-content\/uploads\/cropped-schualOK2-300x249.png\" alt=\"\" width=\"219\" height=\"182\" srcset=\"https:\/\/schual.at\/wp-content\/uploads\/cropped-schualOK2-300x249.png 300w, https:\/\/schual.at\/wp-content\/uploads\/cropped-schualOK2-768x637.png 768w, https:\/\/schual.at\/wp-content\/uploads\/cropped-schualOK2-1024x849.png 1024w, https:\/\/schual.at\/wp-content\/uploads\/cropped-schualOK2.png 1440w\" sizes=\"auto, (max-width: 219px) 100vw, 219px\" \/><img loading=\"lazy\" decoding=\"async\" class=\"alignnone size-medium\" src=\"https:\/\/www.naturhaeuschen.de\/images\/stamp\/DE.svg\" width=\"0\" height=\"0\" \/><img loading=\"lazy\" decoding=\"async\" class=\"alignnone size-medium\" src=\"https:\/\/www.naturhaeuschen.de\/images\/stamp\/DE.png\" width=\"201\" height=\"143\" \/><\/p>\n<p>Wie kommt es zum Namen &#8222;\u0160ual.in.Gradne&#8220;? Das Haus wurde als Volksschule &#8211; als &#8222;schual&#8220;, wie es in Gradenegg umgangssprachlich heisst, 1891-1897 gebaut. In K\u00e4rnten sind Vulgarnamen von H\u00e4usern am Land altes Kulturgut. So war es uns wichtig, diesen Namen nach der Schlie\u00dfung der Volksschule 2015 weiter zu erhalten und gleichzeitig die Offenheit des Hauses als Begegnungs- und Kulturraum durch das ver\u00e4nderte Schriftbild zu positionieren: K\u00e4rnten wird und wurde auch aus dem s\u00fcdlichen slawischen Raum beeinflusst und &#8222;s&#8220; mit Ha\u010dek wird &#8222;sch&#8220; ausgesprochen. Besinnung auf die Wurzeln und Befruchtung durch unterschiedliche Kultureinfl\u00fcsse &#8211; \u0160ual.in.Gradne!<\/p>\n<p><img loading=\"lazy\" decoding=\"async\" class=\"alignnone  wp-image-705\" src=\"https:\/\/schual.at\/wp-content\/uploads\/booking-bewertung-2020-300x300.png\" alt=\"\" width=\"215\" height=\"215\" srcset=\"https:\/\/schual.at\/wp-content\/uploads\/booking-bewertung-2020-300x300.png 300w, https:\/\/schual.at\/wp-content\/uploads\/booking-bewertung-2020-1024x1024.png 1024w, https:\/\/schual.at\/wp-content\/uploads\/booking-bewertung-2020-150x150.png 150w, https:\/\/schual.at\/wp-content\/uploads\/booking-bewertung-2020-768x768.png 768w, https:\/\/schual.at\/wp-content\/uploads\/booking-bewertung-2020.png 1080w\" sizes=\"auto, (max-width: 215px) 100vw, 215px\" \/> \u00a0\u00a0 <img loading=\"lazy\" decoding=\"async\" class=\"alignnone  wp-image-739\" src=\"https:\/\/schual.at\/wp-content\/uploads\/booking-bewertung-2022-300x300.png\" alt=\"\" width=\"214\" height=\"214\" srcset=\"https:\/\/schual.at\/wp-content\/uploads\/booking-bewertung-2022-300x300.png 300w, https:\/\/schual.at\/wp-content\/uploads\/booking-bewertung-2022-1024x1024.png 1024w, https:\/\/schual.at\/wp-content\/uploads\/booking-bewertung-2022-150x150.png 150w, https:\/\/schual.at\/wp-content\/uploads\/booking-bewertung-2022-768x768.png 768w, https:\/\/schual.at\/wp-content\/uploads\/booking-bewertung-2022.png 1081w\" sizes=\"auto, (max-width: 214px) 100vw, 214px\" \/> \u00a0 <img loading=\"lazy\" decoding=\"async\" class=\"alignnone  wp-image-738\" src=\"https:\/\/schual.at\/wp-content\/uploads\/booking-bewertung-2023-300x300.png\" alt=\"\" width=\"213\" height=\"213\" srcset=\"https:\/\/schual.at\/wp-content\/uploads\/booking-bewertung-2023-300x300.png 300w, https:\/\/schual.at\/wp-content\/uploads\/booking-bewertung-2023-1024x1024.png 1024w, https:\/\/schual.at\/wp-content\/uploads\/booking-bewertung-2023-150x150.png 150w, https:\/\/schual.at\/wp-content\/uploads\/booking-bewertung-2023-768x768.png 768w, https:\/\/schual.at\/wp-content\/uploads\/booking-bewertung-2023.png 1080w\" sizes=\"auto, (max-width: 213px) 100vw, 213px\" \/><\/p>\n<p><img loading=\"lazy\" decoding=\"async\" class=\"alignnone  wp-image-749\" src=\"https:\/\/schual.at\/wp-content\/uploads\/Digital-Award-TRA-2024-300x300.png\" alt=\"\" width=\"219\" height=\"219\" srcset=\"https:\/\/schual.at\/wp-content\/uploads\/Digital-Award-TRA-2024-300x300.png 300w, https:\/\/schual.at\/wp-content\/uploads\/Digital-Award-TRA-2024-1024x1024.png 1024w, https:\/\/schual.at\/wp-content\/uploads\/Digital-Award-TRA-2024-150x150.png 150w, https:\/\/schual.at\/wp-content\/uploads\/Digital-Award-TRA-2024-768x768.png 768w, https:\/\/schual.at\/wp-content\/uploads\/Digital-Award-TRA-2024.png 1080w\" sizes=\"auto, (max-width: 219px) 100vw, 219px\" \/><img loading=\"lazy\" decoding=\"async\" class=\"alignnone  wp-image-750\" src=\"https:\/\/schual.at\/wp-content\/uploads\/Digital-Award-TRA-2025-300x300.png\" alt=\"\" width=\"215\" height=\"215\" srcset=\"https:\/\/schual.at\/wp-content\/uploads\/Digital-Award-TRA-2025-300x300.png 300w, https:\/\/schual.at\/wp-content\/uploads\/Digital-Award-TRA-2025-1024x1024.png 1024w, https:\/\/schual.at\/wp-content\/uploads\/Digital-Award-TRA-2025-150x150.png 150w, https:\/\/schual.at\/wp-content\/uploads\/Digital-Award-TRA-2025-768x768.png 768w, https:\/\/schual.at\/wp-content\/uploads\/Digital-Award-TRA-2025.png 1080w\" sizes=\"auto, (max-width: 215px) 100vw, 215px\" \/><\/p>\n","protected":false},"excerpt":{"rendered":"<p>Das 5. x in Folge &#8211; herzlichen Dank unseren G\u00e4sten f\u00fcr die H\u00f6chstbewertung! Es macht uns noch immer sehr viel Freude, Menschen aus aller Welt in unserer ehemaligen kleinen Dorfschule zu beherbergen. Hoch \u00fcber dem Glantal mit Blick auf die Berge umgeben von Natur kann man einfach gut die Seele baumeln lassen, zur Ruhe kommen [&hellip;]<\/p>\n","protected":false},"author":1,"featured_media":0,"parent":0,"menu_order":0,"comment_status":"closed","ping_status":"closed","template":"","meta":{"footnotes":""},"class_list":["post-93","page","type-page","status-publish","hentry"],"_links":{"self":[{"href":"https:\/\/schual.at\/index.php\/wp-json\/wp\/v2\/pages\/93","targetHints":{"allow":["GET"]}}],"collection":[{"href":"https:\/\/schual.at\/index.php\/wp-json\/wp\/v2\/pages"}],"about":[{"href":"https:\/\/schual.at\/index.php\/wp-json\/wp\/v2\/types\/page"}],"author":[{"embeddable":true,"href":"https:\/\/schual.at\/index.php\/wp-json\/wp\/v2\/users\/1"}],"replies":[{"embeddable":true,"href":"https:\/\/schual.at\/index.php\/wp-json\/wp\/v2\/comments?post=93"}],"version-history":[{"count":20,"href":"https:\/\/schual.at\/index.php\/wp-json\/wp\/v2\/pages\/93\/revisions"}],"predecessor-version":[{"id":763,"href":"https:\/\/schual.at\/index.php\/wp-json\/wp\/v2\/pages\/93\/revisions\/763"}],"wp:attachment":[{"href":"https:\/\/schual.at\/index.php\/wp-json\/wp\/v2\/media?parent=93"}],"curies":[{"name":"wp","href":"https:\/\/api.w.org\/{rel}","templated":true}]}}